{"id":4,"date":"2016-12-27T14:31:26","date_gmt":"2016-12-27T14:31:26","guid":{"rendered":"http:\/\/merkiotakas.lt\/?page_id=4"},"modified":"2023-09-19T06:30:12","modified_gmt":"2023-09-19T06:30:12","slug":"merkiotakas","status":"publish","type":"page","link":"https:\/\/merkiotakas.lt\/","title":{"rendered":"Merkio Takas"},"content":{"rendered":"<p>&#8220;Merkio Takas&#8221;\u2013 gyvenam\u0173j\u0173 nam\u0173 kvartalas ant Merkio up\u0117s kranto, Vilniaus rajone.<\/p>\n<p>I\u0161skirtinai jauki, gamtos apsuptyje ir geru susisiekimu su Vilniumi vieta. Lengvai pasiekiamas, nuo IKEA parduotuv\u0117s 26 km\u00a0magistraliniu keliu <b>A15<\/b>\u00a0 ir 2 km\u00a0atokiau nuo jo. \u00a0Kvartalas ribojasi su Merkio upe.<\/p>\n<p>Kvartale statomi pilno u\u017ebaigtumo namai. Leid\u017eiantys \u012fgyvendinti bendr\u0105 ir harmoning\u0105 architekt\u016brin\u0119 id\u0117j\u0105. 9 nam\u0173 kvartalas su viena gatve vedan\u010di\u0105 prie up\u0117s.<\/p>\n<p>Merkio tako kvartale skatiname sukurti gra\u017eius kaimyni\u0161kus ry\u0161ius. Aplinka bus sutvarkyta atsi\u017evelgiant \u012f vis\u0173 gyventoj\u0173 poreikius.<\/p>\n<p><strong>Merkio kvartale si\u016blome:<\/strong><\/p>\n<ul>\n<li><img loading=\"lazy\" decoding=\"async\" class=\"alignnone  wp-image-192\" src=\"http:\/\/merkiotakas.lt\/wp-content\/uploads\/2023\/09\/sold.png\" alt=\"\" width=\"100\" height=\"66\" \/><span style=\"text-decoration: line-through;\">Rinktis jau esam\u0105 pastatyt\u0105 ir pilnai u\u017ebaigt\u0105 nam\u0105, su sutvarkyta aplinka.<\/span><\/li>\n<li>Galite rinktis 6-8 \u00a0ar\u0173 \u017eem\u0117s sklyp\u0105\u00a0su visa in\u017einerine infrastrukt\u016bra. \u00a0Pagal m\u016bs\u0173 parengt\u0105 namo projekt\u0105 &#8211; pakoregav\u0119 pagal savo poreikius ir pageidavimus namo vidaus i\u0161d\u0117stym\u0105, tiek interjero, tiek eksterjero detales.<\/li>\n<\/ul>\n<p>&nbsp;<\/p>\n","protected":false},"excerpt":{"rendered":"<p>&#8220;Merkio Takas&#8221;\u2013 gyvenam\u0173j\u0173 nam\u0173 kvartalas ant Merkio up\u0117s kranto, Vilniaus rajone. I\u0161skirtinai jauki, gamtos apsuptyje ir geru susisiekimu su Vilniumi vieta. Lengvai pasiekiamas, nuo IKEA parduotuv\u0117s 26 km\u00a0magistraliniu keliu A15\u00a0 ir 2 km\u00a0atokiau nuo jo. \u00a0Kvartalas ribojasi su Merkio upe. Kvartale statomi pilno u\u017ebaigtumo namai. Leid\u017eiantys \u012fgyvendinti bendr\u0105 ir harmoning\u0105 architekt\u016brin\u0119 id\u0117j\u0105. 9 nam\u0173 kvartalas &hellip; <\/p>\n<p class=\"link-more\"><a href=\"https:\/\/merkiotakas.lt\/\" class=\"more-link\">Continue reading<span class=\"screen-reader-text\"> &#8220;Merkio Takas&#8221;<\/span><\/a><\/p>\n","protected":false},"author":1,"featured_media":0,"parent":0,"menu_order":0,"comment_status":"closed","ping_status":"closed","template":"","meta":{"_monsterinsights_skip_tracking":false,"_monsterinsights_sitenote_active":false,"_monsterinsights_sitenote_note":"","_monsterinsights_sitenote_category":0,"footnotes":""},"class_list":["post-4","page","type-page","status-publish","hentry"],"_links":{"self":[{"href":"https:\/\/merkiotakas.lt\/index.php\/wp-json\/wp\/v2\/pages\/4","targetHints":{"allow":["GET"]}}],"collection":[{"href":"https:\/\/merkiotakas.lt\/index.php\/wp-json\/wp\/v2\/pages"}],"about":[{"href":"https:\/\/merkiotakas.lt\/index.php\/wp-json\/wp\/v2\/types\/page"}],"author":[{"embeddable":true,"href":"https:\/\/merkiotakas.lt\/index.php\/wp-json\/wp\/v2\/users\/1"}],"replies":[{"embeddable":true,"href":"https:\/\/merkiotakas.lt\/index.php\/wp-json\/wp\/v2\/comments?post=4"}],"version-history":[{"count":6,"href":"https:\/\/merkiotakas.lt\/index.php\/wp-json\/wp\/v2\/pages\/4\/revisions"}],"predecessor-version":[{"id":193,"href":"https:\/\/merkiotakas.lt\/index.php\/wp-json\/wp\/v2\/pages\/4\/revisions\/193"}],"wp:attachment":[{"href":"https:\/\/merkiotakas.lt\/index.php\/wp-json\/wp\/v2\/media?parent=4"}],"curies":[{"name":"wp","href":"https:\/\/api.w.org\/{rel}","templated":true}]}}