{"id":48,"date":"2016-12-27T22:41:26","date_gmt":"2016-12-27T22:41:26","guid":{"rendered":"http:\/\/merkiotakas.lt\/?page_id=48"},"modified":"2021-03-13T14:14:00","modified_gmt":"2021-03-13T14:14:00","slug":"sklypai","status":"publish","type":"page","link":"https:\/\/merkiotakas.lt\/index.php\/sklypai\/","title":{"rendered":"Sklypai"},"content":{"rendered":"<p>Parduodami taisyklingos formos, 6,5 &#8211; 8 ar\u0173 ploto sklypai, su namo, gr\u0119\u017einio ir nuotek\u0173 projektais.<\/p>\n<p><span style=\"font-size: inherit;\">Visuose sklypuose atvesta elektra.\u00a0<\/span><\/p>\n<p>Sklype Nr. 15 pagal projekt\u0105 pastatytas namas\u00a0 &#8211; galima gyvai ap\u017ei\u016br\u0117ti projekto privalumus.<\/p>\n<p>Sklype Nr. 33 projektai suderinti, gautas statyb\u0173 leidimas, i\u0161lieti pamatai.<\/p>\n<p>Yra galimyb\u0117 pirkti daugiau nei vien\u0105 sklyp\u0105 taip pasididinat plot\u0105.<\/p>\n<div id=\"envira-gallery-wrap-95\" class=\"envira-gallery-wrap envira-gallery-theme-base envira-lightbox-theme-base\" itemscope itemtype=\"https:\/\/schema.org\/ImageGallery\"><div data-row-height=\"150\" data-gallery-theme=\"normal\" id=\"envira-gallery-95\" class=\"envira-gallery-public envira-gallery-justified-public envira-gallery-0-columns envira-clear enviratope envira-gallery-css-animations\" data-envira-columns=\"0\"><div id=\"envira-gallery-item-73\" class=\"envira-gallery-item enviratope-item envira-gallery-item-1 envira-lazy-load\" style=\"padding-left: 5px; padding-bottom: 10px; padding-right: 5px;\"  itemscope itemtype=\"https:\/\/schema.org\/ImageObject\"><div class=\"envira-gallery-item-inner\"><div class=\"envira-gallery-position-overlay  envira-gallery-top-left\"><\/div><div class=\"envira-gallery-position-overlay  envira-gallery-top-right\"><\/div><div class=\"envira-gallery-position-overlay  envira-gallery-bottom-left\"><\/div><div class=\"envira-gallery-position-overlay  envira-gallery-bottom-right\"><\/div><a href=\"http:\/\/merkiotakas.lt\/wp-content\/uploads\/2016\/12\/Deguskiu-kaimas_sklypai.png\" class=\"envira-gallery-95 envira-gallery-link\" rel=\"enviragallery95\" title=\"Deguskiu kaimas_sklypai\" data-envira-caption=\"Deguskiu kaimas_sklypai\" data-envira-retina=\"\" data-thumbnail=\"\"  itemprop=\"contentUrl\"><img decoding=\"async\" id=\"envira-gallery-image-73\" class=\"envira-gallery-image envira-gallery-image-1 envira-normal envira-lazy\" data-envira-index=\"1\" src=\"https:\/\/merkiotakas.lt\/wp-content\/uploads\/2016\/12\/Deguskiu-kaimas_sklypai-640x480.png\" data-envira-src=\"https:\/\/merkiotakas.lt\/wp-content\/uploads\/2016\/12\/Deguskiu-kaimas_sklypai-640x480.png\" data-envira-gallery-id=\"95\" data-envira-item-id=\"73\" data-envira-caption=\"Deguskiu kaimas_sklypai\" alt=\"MerkioTakas.LT - 9 nam\u0173 kvartalas\" title=\"Deguskiu kaimas_sklypai\"  itemprop=\"thumbnailUrl\" data-envira-srcset=\"https:\/\/merkiotakas.lt\/wp-content\/uploads\/2016\/12\/Deguskiu-kaimas_sklypai-640x480.png 400w,https:\/\/merkiotakas.lt\/wp-content\/uploads\/2016\/12\/Deguskiu-kaimas_sklypai-640x480.png 2x\" data-envira-width=\"300\" data-envira-height=\"177\" srcset=\"data:image\/gif;base64,R0lGODlhAQABAIAAAP\/\/\/\/\/\/\/yH5BAEKAAEALAAAAAABAAEAAAICTAEAOw==\" data-safe-src=\"data:image\/gif;base64,R0lGODlhAQABAIAAAP\/\/\/\/\/\/\/yH5BAEKAAEALAAAAAABAAEAAAICTAEAOw==\" \/><\/a><\/div><\/div><div id=\"envira-gallery-item-183\" class=\"envira-gallery-item enviratope-item envira-gallery-item-2 envira-lazy-load\" style=\"padding-left: 5px; padding-bottom: 10px; padding-right: 5px;\"  itemscope itemtype=\"https:\/\/schema.org\/ImageObject\"><div class=\"envira-gallery-item-inner\"><div class=\"envira-gallery-position-overlay  envira-gallery-top-left\"><\/div><div class=\"envira-gallery-position-overlay  envira-gallery-top-right\"><\/div><div class=\"envira-gallery-position-overlay  envira-gallery-bottom-left\"><\/div><div class=\"envira-gallery-position-overlay  envira-gallery-bottom-right\"><\/div><a href=\"http:\/\/merkiotakas.lt\/wp-content\/uploads\/2017\/06\/Sklypas2.jpg\" class=\"envira-gallery-95 envira-gallery-link\" rel=\"enviragallery95\" title=\"DCIM100MEDIADJI_0048.JPG\" data-envira-caption=\"DCIM100MEDIADJI_0048.JPG\" data-envira-retina=\"\" data-thumbnail=\"\"  itemprop=\"contentUrl\"><img decoding=\"async\" id=\"envira-gallery-image-183\" class=\"envira-gallery-image envira-gallery-image-2 envira-normal envira-lazy\" data-envira-index=\"2\" src=\"https:\/\/merkiotakas.lt\/wp-content\/uploads\/2017\/06\/Sklypas2-640x480.jpg\" data-envira-src=\"https:\/\/merkiotakas.lt\/wp-content\/uploads\/2017\/06\/Sklypas2-640x480.jpg\" data-envira-gallery-id=\"95\" data-envira-item-id=\"183\" data-envira-caption=\"DCIM100MEDIADJI_0048.JPG\" alt=\"\" title=\"DCIM100MEDIADJI_0048.JPG\"  itemprop=\"thumbnailUrl\" data-envira-srcset=\"https:\/\/merkiotakas.lt\/wp-content\/uploads\/2017\/06\/Sklypas2-640x480.jpg 400w,https:\/\/merkiotakas.lt\/wp-content\/uploads\/2017\/06\/Sklypas2-640x480.jpg 2x\" data-envira-width=\"300\" data-envira-height=\"225\" srcset=\"data:image\/gif;base64,R0lGODlhAQABAIAAAP\/\/\/\/\/\/\/yH5BAEKAAEALAAAAAABAAEAAAICTAEAOw==\" data-safe-src=\"data:image\/gif;base64,R0lGODlhAQABAIAAAP\/\/\/\/\/\/\/yH5BAEKAAEALAAAAAABAAEAAAICTAEAOw==\" \/><\/a><\/div><\/div><div id=\"envira-gallery-item-96\" class=\"envira-gallery-item enviratope-item envira-gallery-item-3 envira-lazy-load\" style=\"padding-left: 5px; padding-bottom: 10px; padding-right: 5px;\"  itemscope itemtype=\"https:\/\/schema.org\/ImageObject\"><div class=\"envira-gallery-item-inner\"><div class=\"envira-gallery-position-overlay  envira-gallery-top-left\"><\/div><div class=\"envira-gallery-position-overlay  envira-gallery-top-right\"><\/div><div class=\"envira-gallery-position-overlay  envira-gallery-bottom-left\"><\/div><div class=\"envira-gallery-position-overlay  envira-gallery-bottom-right\"><\/div><a href=\"http:\/\/merkiotakas.lt\/wp-content\/uploads\/2017\/06\/DJI_0114.jpg\" class=\"envira-gallery-95 envira-gallery-link\" rel=\"enviragallery95\" title=\"MerkioTakas.LT - 9 nam\u0173 kvartalas\" data-envira-caption=\"MerkioTakas.LT - 9 nam\u0173 kvartalas\" data-envira-retina=\"\" data-thumbnail=\"\"  itemprop=\"contentUrl\"><img decoding=\"async\" id=\"envira-gallery-image-96\" class=\"envira-gallery-image envira-gallery-image-3 envira-normal envira-lazy\" data-envira-index=\"3\" src=\"https:\/\/merkiotakas.lt\/wp-content\/uploads\/2017\/06\/DJI_0114-1024x768-640x480.jpg\" data-envira-src=\"https:\/\/merkiotakas.lt\/wp-content\/uploads\/2017\/06\/DJI_0114-1024x768-640x480.jpg\" data-envira-gallery-id=\"95\" data-envira-item-id=\"96\" data-envira-caption=\"MerkioTakas.LT - 9 nam\u0173 kvartalas\" alt=\"MerkioTakas.LT  Vaizdas i\u0161 auk\u0161\u010dio\" title=\"MerkioTakas.LT - 9 nam\u0173 kvartalas\"  itemprop=\"thumbnailUrl\" data-envira-srcset=\"https:\/\/merkiotakas.lt\/wp-content\/uploads\/2017\/06\/DJI_0114-1024x768-640x480.jpg 400w,https:\/\/merkiotakas.lt\/wp-content\/uploads\/2017\/06\/DJI_0114-1024x768-640x480.jpg 2x\" data-envira-width=\"300\" data-envira-height=\"225\" srcset=\"data:image\/gif;base64,R0lGODlhAQABAIAAAP\/\/\/\/\/\/\/yH5BAEKAAEALAAAAAABAAEAAAICTAEAOw==\" data-safe-src=\"data:image\/gif;base64,R0lGODlhAQABAIAAAP\/\/\/\/\/\/\/yH5BAEKAAEALAAAAAABAAEAAAICTAEAOw==\" \/><\/a><\/div><\/div><div id=\"envira-gallery-item-142\" class=\"envira-gallery-item enviratope-item envira-gallery-item-4 envira-lazy-load\" style=\"padding-left: 5px; padding-bottom: 10px; padding-right: 5px;\"  itemscope itemtype=\"https:\/\/schema.org\/ImageObject\"><div class=\"envira-gallery-item-inner\"><div class=\"envira-gallery-position-overlay  envira-gallery-top-left\"><\/div><div class=\"envira-gallery-position-overlay  envira-gallery-top-right\"><\/div><div class=\"envira-gallery-position-overlay  envira-gallery-bottom-left\"><\/div><div class=\"envira-gallery-position-overlay  envira-gallery-bottom-right\"><\/div><a href=\"http:\/\/merkiotakas.lt\/wp-content\/uploads\/2018\/02\/DJI_0266.jpg\" class=\"envira-gallery-95 envira-gallery-link\" rel=\"enviragallery95\" title=\"MerkioTakas \/  Degu&scaron;k\u0117s, &Scaron;ilo g. 15\" data-envira-caption=\"MerkioTakas \/  Degu&scaron;k\u0117s, &Scaron;ilo g. 15\" data-envira-retina=\"\" data-thumbnail=\"\"  itemprop=\"contentUrl\"><img decoding=\"async\" id=\"envira-gallery-image-142\" class=\"envira-gallery-image envira-gallery-image-4 envira-normal envira-lazy\" data-envira-index=\"4\" src=\"https:\/\/merkiotakas.lt\/wp-content\/uploads\/2018\/02\/DJI_0266-1024x768-640x480.jpg\" data-envira-src=\"https:\/\/merkiotakas.lt\/wp-content\/uploads\/2018\/02\/DJI_0266-1024x768-640x480.jpg\" data-envira-gallery-id=\"95\" data-envira-item-id=\"142\" data-envira-caption=\"MerkioTakas \/  Degu&scaron;k\u0117s, &Scaron;ilo g. 15\" alt=\"\" title=\"MerkioTakas \/  Degu\u0161k\u0117s, \u0160ilo g. 15\"  itemprop=\"thumbnailUrl\" data-envira-srcset=\"https:\/\/merkiotakas.lt\/wp-content\/uploads\/2018\/02\/DJI_0266-1024x768-640x480.jpg 400w,https:\/\/merkiotakas.lt\/wp-content\/uploads\/2018\/02\/DJI_0266-1024x768-640x480.jpg 2x\" data-envira-width=\"300\" data-envira-height=\"225\" srcset=\"data:image\/gif;base64,R0lGODlhAQABAIAAAP\/\/\/\/\/\/\/yH5BAEKAAEALAAAAAABAAEAAAICTAEAOw==\" data-safe-src=\"data:image\/gif;base64,R0lGODlhAQABAIAAAP\/\/\/\/\/\/\/yH5BAEKAAEALAAAAAABAAEAAAICTAEAOw==\" \/><\/a><\/div><\/div><div id=\"envira-gallery-item-76\" class=\"envira-gallery-item enviratope-item envira-gallery-item-5 envira-lazy-load\" style=\"padding-left: 5px; padding-bottom: 10px; padding-right: 5px;\"  itemscope itemtype=\"https:\/\/schema.org\/ImageObject\"><div class=\"envira-gallery-item-inner\"><div class=\"envira-gallery-position-overlay  envira-gallery-top-left\"><\/div><div class=\"envira-gallery-position-overlay  envira-gallery-top-right\"><\/div><div class=\"envira-gallery-position-overlay  envira-gallery-bottom-left\"><\/div><div class=\"envira-gallery-position-overlay  envira-gallery-bottom-right\"><\/div><a href=\"http:\/\/merkiotakas.lt\/wp-content\/uploads\/2016\/12\/DJI_0312.jpg\" class=\"envira-gallery-95 envira-gallery-link\" rel=\"enviragallery95\" title=\"MerkioTakas.LT\" data-envira-caption=\"MerkioTakas.LT\" data-envira-retina=\"\" data-thumbnail=\"\"  itemprop=\"contentUrl\"><img decoding=\"async\" id=\"envira-gallery-image-76\" class=\"envira-gallery-image envira-gallery-image-5 envira-normal envira-lazy\" data-envira-index=\"5\" src=\"https:\/\/merkiotakas.lt\/wp-content\/uploads\/2016\/12\/DJI_0312-1024x768-640x480.jpg\" data-envira-src=\"https:\/\/merkiotakas.lt\/wp-content\/uploads\/2016\/12\/DJI_0312-1024x768-640x480.jpg\" data-envira-gallery-id=\"95\" data-envira-item-id=\"76\" data-envira-caption=\"MerkioTakas.LT\" alt=\"MerkioTakas.LT  \" title=\"MerkioTakas.LT\"  itemprop=\"thumbnailUrl\" data-envira-srcset=\"https:\/\/merkiotakas.lt\/wp-content\/uploads\/2016\/12\/DJI_0312-1024x768-640x480.jpg 400w,https:\/\/merkiotakas.lt\/wp-content\/uploads\/2016\/12\/DJI_0312-1024x768-640x480.jpg 2x\" data-envira-width=\"300\" data-envira-height=\"225\" srcset=\"data:image\/gif;base64,R0lGODlhAQABAIAAAP\/\/\/\/\/\/\/yH5BAEKAAEALAAAAAABAAEAAAICTAEAOw==\" data-safe-src=\"data:image\/gif;base64,R0lGODlhAQABAIAAAP\/\/\/\/\/\/\/yH5BAEKAAEALAAAAAABAAEAAAICTAEAOw==\" \/><\/a><\/div><\/div><div id=\"envira-gallery-item-123\" class=\"envira-gallery-item enviratope-item envira-gallery-item-6 envira-lazy-load\" style=\"padding-left: 5px; padding-bottom: 10px; padding-right: 5px;\"  itemscope itemtype=\"https:\/\/schema.org\/ImageObject\"><div class=\"envira-gallery-item-inner\"><div class=\"envira-gallery-position-overlay  envira-gallery-top-left\"><\/div><div class=\"envira-gallery-position-overlay  envira-gallery-top-right\"><\/div><div class=\"envira-gallery-position-overlay  envira-gallery-bottom-left\"><\/div><div class=\"envira-gallery-position-overlay  envira-gallery-bottom-right\"><\/div><a href=\"http:\/\/merkiotakas.lt\/wp-content\/uploads\/2017\/06\/DJI_0027.jpg\" class=\"envira-gallery-95 envira-gallery-link\" rel=\"enviragallery95\" title=\"DCIM100MEDIADJI_0027.JPG\" data-envira-caption=\"DCIM100MEDIADJI_0027.JPG\" data-envira-retina=\"\" data-thumbnail=\"\"  itemprop=\"contentUrl\"><img decoding=\"async\" id=\"envira-gallery-image-123\" class=\"envira-gallery-image envira-gallery-image-6 envira-normal envira-lazy\" data-envira-index=\"6\" src=\"https:\/\/merkiotakas.lt\/wp-content\/uploads\/2017\/06\/DJI_0027-1024x768-640x480.jpg\" data-envira-src=\"https:\/\/merkiotakas.lt\/wp-content\/uploads\/2017\/06\/DJI_0027-1024x768-640x480.jpg\" data-envira-gallery-id=\"95\" data-envira-item-id=\"123\" data-envira-caption=\"DCIM100MEDIADJI_0027.JPG\" alt=\"\" title=\"DCIM100MEDIADJI_0027.JPG\"  itemprop=\"thumbnailUrl\" data-envira-srcset=\"https:\/\/merkiotakas.lt\/wp-content\/uploads\/2017\/06\/DJI_0027-1024x768-640x480.jpg 400w,https:\/\/merkiotakas.lt\/wp-content\/uploads\/2017\/06\/DJI_0027-1024x768-640x480.jpg 2x\" data-envira-width=\"300\" data-envira-height=\"225\" srcset=\"data:image\/gif;base64,R0lGODlhAQABAIAAAP\/\/\/\/\/\/\/yH5BAEKAAEALAAAAAABAAEAAAICTAEAOw==\" data-safe-src=\"data:image\/gif;base64,R0lGODlhAQABAIAAAP\/\/\/\/\/\/\/yH5BAEKAAEALAAAAAABAAEAAAICTAEAOw==\" \/><\/a><\/div><\/div><div id=\"envira-gallery-item-81\" class=\"envira-gallery-item enviratope-item envira-gallery-item-7 envira-lazy-load\" style=\"padding-left: 5px; padding-bottom: 10px; padding-right: 5px;\"  itemscope itemtype=\"https:\/\/schema.org\/ImageObject\"><div class=\"envira-gallery-item-inner\"><div class=\"envira-gallery-position-overlay  envira-gallery-top-left\"><\/div><div class=\"envira-gallery-position-overlay  envira-gallery-top-right\"><\/div><div class=\"envira-gallery-position-overlay  envira-gallery-bottom-left\"><\/div><div class=\"envira-gallery-position-overlay  envira-gallery-bottom-right\"><\/div><a href=\"http:\/\/merkiotakas.lt\/wp-content\/uploads\/2017\/04\/DJI_0323-PANO.jpg\" class=\"envira-gallery-95 envira-gallery-link\" rel=\"enviragallery95\" title=\"Merkio Takas \/ Kvartalas\" data-envira-caption=\"Merkio Takas \/ Kvartalas\" data-envira-retina=\"\" data-thumbnail=\"\"  itemprop=\"contentUrl\"><img decoding=\"async\" id=\"envira-gallery-image-81\" class=\"envira-gallery-image envira-gallery-image-7 envira-normal envira-lazy\" data-envira-index=\"7\" src=\"https:\/\/merkiotakas.lt\/wp-content\/uploads\/2017\/04\/DJI_0323-PANO-1024x326-640x480.jpg\" data-envira-src=\"https:\/\/merkiotakas.lt\/wp-content\/uploads\/2017\/04\/DJI_0323-PANO-1024x326-640x480.jpg\" data-envira-gallery-id=\"95\" data-envira-item-id=\"81\" data-envira-caption=\"Merkio Takas \/ Kvartalas\" alt=\"Merkio Takas \/ Kvartalas \/Panorama\" title=\"Merkio Takas \/ Kvartalas\"  itemprop=\"thumbnailUrl\" data-envira-srcset=\"https:\/\/merkiotakas.lt\/wp-content\/uploads\/2017\/04\/DJI_0323-PANO-1024x326-640x480.jpg 400w,https:\/\/merkiotakas.lt\/wp-content\/uploads\/2017\/04\/DJI_0323-PANO-1024x326-640x480.jpg 2x\" data-envira-width=\"300\" data-envira-height=\"96\" srcset=\"data:image\/gif;base64,R0lGODlhAQABAIAAAP\/\/\/\/\/\/\/yH5BAEKAAEALAAAAAABAAEAAAICTAEAOw==\" data-safe-src=\"data:image\/gif;base64,R0lGODlhAQABAIAAAP\/\/\/\/\/\/\/yH5BAEKAAEALAAAAAABAAEAAAICTAEAOw==\" \/><\/a><\/div><\/div><div id=\"envira-gallery-item-99\" class=\"envira-gallery-item enviratope-item envira-gallery-item-8 envira-lazy-load\" style=\"padding-left: 5px; padding-bottom: 10px; padding-right: 5px;\"  itemscope itemtype=\"https:\/\/schema.org\/ImageObject\"><div class=\"envira-gallery-item-inner\"><div class=\"envira-gallery-position-overlay  envira-gallery-top-left\"><\/div><div class=\"envira-gallery-position-overlay  envira-gallery-top-right\"><\/div><div class=\"envira-gallery-position-overlay  envira-gallery-bottom-left\"><\/div><div class=\"envira-gallery-position-overlay  envira-gallery-bottom-right\"><\/div><a href=\"http:\/\/merkiotakas.lt\/wp-content\/uploads\/2017\/06\/MerkioTakas_namai_antMErkio_upes_kranto-2.jpg\" class=\"envira-gallery-95 envira-gallery-link\" rel=\"enviragallery95\" title=\"&ldquo;Merkio Takas&rdquo;&ndash; gyvenam\u0173j\u0173 nam\u0173 kvartalas ant Merkio up\u0117s kranto\" data-envira-caption=\"&ldquo;Merkio Takas&rdquo;&ndash; gyvenam\u0173j\u0173 nam\u0173 kvartalas ant Merkio up\u0117s kranto\" data-envira-retina=\"\" data-thumbnail=\"\"  itemprop=\"contentUrl\"><img decoding=\"async\" id=\"envira-gallery-image-99\" class=\"envira-gallery-image envira-gallery-image-8 envira-normal envira-lazy\" data-envira-index=\"8\" src=\"https:\/\/merkiotakas.lt\/wp-content\/uploads\/2017\/06\/MerkioTakas_namai_antMErkio_upes_kranto-2-1024x239-640x480.jpg\" data-envira-src=\"https:\/\/merkiotakas.lt\/wp-content\/uploads\/2017\/06\/MerkioTakas_namai_antMErkio_upes_kranto-2-1024x239-640x480.jpg\" data-envira-gallery-id=\"95\" data-envira-item-id=\"99\" data-envira-caption=\"&ldquo;Merkio Takas&rdquo;&ndash; gyvenam\u0173j\u0173 nam\u0173 kvartalas ant Merkio up\u0117s kranto\" alt=\"MerkioTakas.LT  Panoraminis\" title=\"\u201cMerkio Takas\u201d\u2013 gyvenam\u0173j\u0173 nam\u0173 kvartalas ant Merkio up\u0117s kranto\"  itemprop=\"thumbnailUrl\" data-envira-srcset=\"https:\/\/merkiotakas.lt\/wp-content\/uploads\/2017\/06\/MerkioTakas_namai_antMErkio_upes_kranto-2-1024x239-640x480.jpg 400w,https:\/\/merkiotakas.lt\/wp-content\/uploads\/2017\/06\/MerkioTakas_namai_antMErkio_upes_kranto-2-1024x239-640x480.jpg 2x\" data-envira-width=\"300\" data-envira-height=\"70\" srcset=\"data:image\/gif;base64,R0lGODlhAQABAIAAAP\/\/\/\/\/\/\/yH5BAEKAAEALAAAAAABAAEAAAICTAEAOw==\" data-safe-src=\"data:image\/gif;base64,R0lGODlhAQABAIAAAP\/\/\/\/\/\/\/yH5BAEKAAEALAAAAAABAAEAAAICTAEAOw==\" \/><\/a><\/div><\/div><div id=\"envira-gallery-item-106\" class=\"envira-gallery-item enviratope-item envira-gallery-item-9 envira-lazy-load\" style=\"padding-left: 5px; padding-bottom: 10px; padding-right: 5px;\"  itemscope itemtype=\"https:\/\/schema.org\/ImageObject\"><div class=\"envira-gallery-item-inner\"><div class=\"envira-gallery-position-overlay  envira-gallery-top-left\"><\/div><div class=\"envira-gallery-position-overlay  envira-gallery-top-right\"><\/div><div class=\"envira-gallery-position-overlay  envira-gallery-bottom-left\"><\/div><div class=\"envira-gallery-position-overlay  envira-gallery-bottom-right\"><\/div><a href=\"http:\/\/merkiotakas.lt\/wp-content\/uploads\/2017\/06\/MerkioTakas_kvartalas_kitaskrantas.jpg\" class=\"envira-gallery-95 envira-gallery-link\" rel=\"enviragallery95\" title=\"MerkioTakas.LT\" data-envira-caption=\"MerkioTakas.LT\" data-envira-retina=\"\" data-thumbnail=\"\"  itemprop=\"contentUrl\"><img decoding=\"async\" id=\"envira-gallery-image-106\" class=\"envira-gallery-image envira-gallery-image-9 envira-normal envira-lazy\" data-envira-index=\"9\" src=\"https:\/\/merkiotakas.lt\/wp-content\/uploads\/2017\/06\/MerkioTakas_kvartalas_kitaskrantas-1024x579-640x480.jpg\" data-envira-src=\"https:\/\/merkiotakas.lt\/wp-content\/uploads\/2017\/06\/MerkioTakas_kvartalas_kitaskrantas-1024x579-640x480.jpg\" data-envira-gallery-id=\"95\" data-envira-item-id=\"106\" data-envira-caption=\"MerkioTakas.LT\" alt=\"Kitas krantas\" title=\"MerkioTakas.LT\"  itemprop=\"thumbnailUrl\" data-envira-srcset=\"https:\/\/merkiotakas.lt\/wp-content\/uploads\/2017\/06\/MerkioTakas_kvartalas_kitaskrantas-1024x579-640x480.jpg 400w,https:\/\/merkiotakas.lt\/wp-content\/uploads\/2017\/06\/MerkioTakas_kvartalas_kitaskrantas-1024x579-640x480.jpg 2x\" data-envira-width=\"300\" data-envira-height=\"170\" srcset=\"data:image\/gif;base64,R0lGODlhAQABAIAAAP\/\/\/\/\/\/\/yH5BAEKAAEALAAAAAABAAEAAAICTAEAOw==\" data-safe-src=\"data:image\/gif;base64,R0lGODlhAQABAIAAAP\/\/\/\/\/\/\/yH5BAEKAAEALAAAAAABAAEAAAICTAEAOw==\" \/><\/a><\/div><\/div><div id=\"envira-gallery-item-144\" class=\"envira-gallery-item enviratope-item envira-gallery-item-10 envira-lazy-load\" style=\"padding-left: 5px; padding-bottom: 10px; padding-right: 5px;\"  itemscope itemtype=\"https:\/\/schema.org\/ImageObject\"><div class=\"envira-gallery-item-inner\"><div class=\"envira-gallery-position-overlay  envira-gallery-top-left\"><\/div><div class=\"envira-gallery-position-overlay  envira-gallery-top-right\"><\/div><div class=\"envira-gallery-position-overlay  envira-gallery-bottom-left\"><\/div><div class=\"envira-gallery-position-overlay  envira-gallery-bottom-right\"><\/div><a href=\"http:\/\/merkiotakas.lt\/wp-content\/uploads\/2018\/02\/DJI_0437.jpg\" class=\"envira-gallery-95 envira-gallery-link\" rel=\"enviragallery95\" title=\"MerkioTakas \/ Degu&scaron;k\u0117s, &Scaron;ilo g. 15\" data-envira-caption=\"MerkioTakas \/ Degu&scaron;k\u0117s, &Scaron;ilo g. 15\" data-envira-retina=\"\" data-thumbnail=\"\"  itemprop=\"contentUrl\"><img decoding=\"async\" id=\"envira-gallery-image-144\" class=\"envira-gallery-image envira-gallery-image-10 envira-normal envira-lazy\" data-envira-index=\"10\" src=\"https:\/\/merkiotakas.lt\/wp-content\/uploads\/2018\/02\/DJI_0437-1024x768-640x480.jpg\" data-envira-src=\"https:\/\/merkiotakas.lt\/wp-content\/uploads\/2018\/02\/DJI_0437-1024x768-640x480.jpg\" data-envira-gallery-id=\"95\" data-envira-item-id=\"144\" data-envira-caption=\"MerkioTakas \/ Degu&scaron;k\u0117s, &Scaron;ilo g. 15\" alt=\"\" title=\"MerkioTakas \/ Degu\u0161k\u0117s, \u0160ilo g. 15\"  itemprop=\"thumbnailUrl\" data-envira-srcset=\"https:\/\/merkiotakas.lt\/wp-content\/uploads\/2018\/02\/DJI_0437-1024x768-640x480.jpg 400w,https:\/\/merkiotakas.lt\/wp-content\/uploads\/2018\/02\/DJI_0437-1024x768-640x480.jpg 2x\" data-envira-width=\"300\" data-envira-height=\"225\" srcset=\"data:image\/gif;base64,R0lGODlhAQABAIAAAP\/\/\/\/\/\/\/yH5BAEKAAEALAAAAAABAAEAAAICTAEAOw==\" data-safe-src=\"data:image\/gif;base64,R0lGODlhAQABAIAAAP\/\/\/\/\/\/\/yH5BAEKAAEALAAAAAABAAEAAAICTAEAOw==\" \/><\/a><\/div><\/div><div id=\"envira-gallery-item-147\" class=\"envira-gallery-item enviratope-item envira-gallery-item-11 envira-lazy-load\" style=\"padding-left: 5px; padding-bottom: 10px; padding-right: 5px;\"  itemscope itemtype=\"https:\/\/schema.org\/ImageObject\"><div class=\"envira-gallery-item-inner\"><div class=\"envira-gallery-position-overlay  envira-gallery-top-left\"><\/div><div class=\"envira-gallery-position-overlay  envira-gallery-top-right\"><\/div><div class=\"envira-gallery-position-overlay  envira-gallery-bottom-left\"><\/div><div class=\"envira-gallery-position-overlay  envira-gallery-bottom-right\"><\/div><a href=\"http:\/\/merkiotakas.lt\/wp-content\/uploads\/2018\/02\/DJI_0475-1.jpg\" class=\"envira-gallery-95 envira-gallery-link\" rel=\"enviragallery95\" title=\"MerkioTakas \/ Degu&scaron;k\u0117s, &Scaron;ilo g. 15\" data-envira-caption=\"MerkioTakas \/ Degu&scaron;k\u0117s, &Scaron;ilo g. 15\" data-envira-retina=\"\" data-thumbnail=\"\"  itemprop=\"contentUrl\"><img decoding=\"async\" id=\"envira-gallery-image-147\" class=\"envira-gallery-image envira-gallery-image-11 envira-normal envira-lazy\" data-envira-index=\"11\" src=\"https:\/\/merkiotakas.lt\/wp-content\/uploads\/2018\/02\/DJI_0475-1-1024x641-640x480.jpg\" data-envira-src=\"https:\/\/merkiotakas.lt\/wp-content\/uploads\/2018\/02\/DJI_0475-1-1024x641-640x480.jpg\" data-envira-gallery-id=\"95\" data-envira-item-id=\"147\" data-envira-caption=\"MerkioTakas \/ Degu&scaron;k\u0117s, &Scaron;ilo g. 15\" alt=\"\" title=\"MerkioTakas \/ Degu\u0161k\u0117s, \u0160ilo g. 15\"  itemprop=\"thumbnailUrl\" data-envira-srcset=\"https:\/\/merkiotakas.lt\/wp-content\/uploads\/2018\/02\/DJI_0475-1-1024x641-640x480.jpg 400w,https:\/\/merkiotakas.lt\/wp-content\/uploads\/2018\/02\/DJI_0475-1-1024x641-640x480.jpg 2x\" data-envira-width=\"300\" data-envira-height=\"188\" srcset=\"data:image\/gif;base64,R0lGODlhAQABAIAAAP\/\/\/\/\/\/\/yH5BAEKAAEALAAAAAABAAEAAAICTAEAOw==\" data-safe-src=\"data:image\/gif;base64,R0lGODlhAQABAIAAAP\/\/\/\/\/\/\/yH5BAEKAAEALAAAAAABAAEAAAICTAEAOw==\" \/><\/a><\/div><\/div><\/div><\/div><noscript><img decoding=\"async\" src=\"https:\/\/merkiotakas.lt\/wp-content\/uploads\/2016\/12\/Deguskiu-kaimas_sklypai.png\" alt=\"MerkioTakas.LT - 9 nam\u0173 kvartalas\" \/><img decoding=\"async\" src=\"https:\/\/merkiotakas.lt\/wp-content\/uploads\/2017\/06\/Sklypas2.jpg\" alt=\"\" \/><img decoding=\"async\" src=\"https:\/\/merkiotakas.lt\/wp-content\/uploads\/2017\/06\/DJI_0114.jpg\" alt=\"MerkioTakas.LT  Vaizdas i\u0161 auk\u0161\u010dio\" \/><img decoding=\"async\" src=\"https:\/\/merkiotakas.lt\/wp-content\/uploads\/2018\/02\/DJI_0266.jpg\" alt=\"\" \/><img decoding=\"async\" src=\"https:\/\/merkiotakas.lt\/wp-content\/uploads\/2016\/12\/DJI_0312.jpg\" alt=\"MerkioTakas.LT  \" \/><img decoding=\"async\" src=\"https:\/\/merkiotakas.lt\/wp-content\/uploads\/2017\/06\/DJI_0027.jpg\" alt=\"\" \/><img decoding=\"async\" src=\"https:\/\/merkiotakas.lt\/wp-content\/uploads\/2017\/04\/DJI_0323-PANO.jpg\" alt=\"Merkio Takas \/ Kvartalas \/Panorama\" \/><img decoding=\"async\" src=\"https:\/\/merkiotakas.lt\/wp-content\/uploads\/2017\/06\/MerkioTakas_namai_antMErkio_upes_kranto-2.jpg\" alt=\"MerkioTakas.LT  Panoraminis\" \/><img decoding=\"async\" src=\"https:\/\/merkiotakas.lt\/wp-content\/uploads\/2017\/06\/MerkioTakas_kvartalas_kitaskrantas.jpg\" alt=\"Kitas krantas\" \/><img decoding=\"async\" src=\"https:\/\/merkiotakas.lt\/wp-content\/uploads\/2018\/02\/DJI_0437.jpg\" alt=\"\" \/><img decoding=\"async\" src=\"https:\/\/merkiotakas.lt\/wp-content\/uploads\/2018\/02\/DJI_0475-1.jpg\" alt=\"\" \/><\/noscript>\n","protected":false},"excerpt":{"rendered":"<p>Parduodami taisyklingos formos, 6,5 &#8211; 8 ar\u0173 ploto sklypai, su namo, gr\u0119\u017einio ir nuotek\u0173 projektais. Visuose sklypuose atvesta elektra.\u00a0 Sklype Nr. 15 pagal projekt\u0105 pastatytas namas\u00a0 &#8211; galima gyvai ap\u017ei\u016br\u0117ti projekto privalumus. Sklype Nr. 33 projektai suderinti, gautas statyb\u0173 leidimas, i\u0161lieti pamatai. Yra galimyb\u0117 pirkti daugiau nei vien\u0105 sklyp\u0105 taip pasididinat plot\u0105.<\/p>\n","protected":false},"author":1,"featured_media":163,"parent":0,"menu_order":0,"comment_status":"closed","ping_status":"closed","template":"","meta":{"_monsterinsights_skip_tracking":false,"_monsterinsights_sitenote_active":false,"_monsterinsights_sitenote_note":"","_monsterinsights_sitenote_category":0,"footnotes":""},"class_list":["post-48","page","type-page","status-publish","has-post-thumbnail","hentry"],"_links":{"self":[{"href":"https:\/\/merkiotakas.lt\/index.php\/wp-json\/wp\/v2\/pages\/48","targetHints":{"allow":["GET"]}}],"collection":[{"href":"https:\/\/merkiotakas.lt\/index.php\/wp-json\/wp\/v2\/pages"}],"about":[{"href":"https:\/\/merkiotakas.lt\/index.php\/wp-json\/wp\/v2\/types\/page"}],"author":[{"embeddable":true,"href":"https:\/\/merkiotakas.lt\/index.php\/wp-json\/wp\/v2\/users\/1"}],"replies":[{"embeddable":true,"href":"https:\/\/merkiotakas.lt\/index.php\/wp-json\/wp\/v2\/comments?post=48"}],"version-history":[{"count":10,"href":"https:\/\/merkiotakas.lt\/index.php\/wp-json\/wp\/v2\/pages\/48\/revisions"}],"predecessor-version":[{"id":185,"href":"https:\/\/merkiotakas.lt\/index.php\/wp-json\/wp\/v2\/pages\/48\/revisions\/185"}],"wp:featuredmedia":[{"embeddable":true,"href":"https:\/\/merkiotakas.lt\/index.php\/wp-json\/wp\/v2\/media\/163"}],"wp:attachment":[{"href":"https:\/\/merkiotakas.lt\/index.php\/wp-json\/wp\/v2\/media?parent=48"}],"curies":[{"name":"wp","href":"https:\/\/api.w.org\/{rel}","templated":true}]}}